{"id":3,"date":"2024-07-25T16:41:49","date_gmt":"2024-07-25T16:41:49","guid":{"rendered":"https:\/\/institutocholollan.com\/?page_id=3"},"modified":"2024-07-26T16:47:00","modified_gmt":"2024-07-26T16:47:00","slug":"privacy-policy","status":"publish","type":"page","link":"https:\/\/institutocholollan.com\/index.php\/privacy-policy\/","title":{"rendered":"Privacy Policy"},"content":{"rendered":"\n<h3 class=\"wp-block-heading\">Pol\u00edtica de Privacidad<\/h3>\n\n\n\n<p><strong>\u00daltima actualizaci\u00f3n: 26 de julio de 2024<\/strong><\/p>\n\n\n\n<p>El Bachillerato General Instituto Cholollan (en adelante, \u00abInstituto Cholollan\u00bb), con domicilio en 12 Oriente 207, San Pedro Cholula, Puebla, CP 72760, M\u00e9xico, se compromete a proteger la privacidad y la seguridad de los datos personales de nuestros estudiantes, padres, tutores y visitantes del sitio web. Esta Pol\u00edtica de Privacidad describe c\u00f3mo recopilamos, usamos, divulgamos y protegemos sus datos personales en cumplimiento con la Ley Federal de Protecci\u00f3n de Datos Personales en Posesi\u00f3n de los Particulares (LFPDPPP) y otras normativas aplicables.<\/p>\n\n\n\n<h3 class=\"wp-block-heading\">1. <strong>Qui\u00e9nes somos<\/strong><\/h3>\n\n\n\n<p>La direcci\u00f3n de nuestro sitio web es: <a href=\"https:\/\/institutocholollan.com\">https:\/\/institutocholollan.com<\/a>.<\/p>\n\n\n\n<h3 class=\"wp-block-heading\">2. <strong>Comentarios<\/strong><\/h3>\n\n\n\n<p>Cuando los visitantes dejan comentarios en el sitio, recopilamos los datos mostrados en el formulario de comentarios, as\u00ed como la direcci\u00f3n IP del visitante y la cadena de agente de usuario del navegador para ayudar en la detecci\u00f3n de spam.<\/p>\n\n\n\n<p>Una cadena anonimizada creada a partir de su direcci\u00f3n de correo electr\u00f3nico (tambi\u00e9n llamada hash) puede ser proporcionada al servicio de Gravatar para ver si lo est\u00e1 utilizando. La pol\u00edtica de privacidad del servicio Gravatar est\u00e1 disponible aqu\u00ed: <a href=\"https:\/\/automattic.com\/privacy\/\">https:\/\/automattic.com\/privacy\/<\/a>. Despu\u00e9s de la aprobaci\u00f3n de su comentario, su imagen de perfil es visible para el p\u00fablico en el contexto de su comentario.<\/p>\n\n\n\n<h3 class=\"wp-block-heading\">3. <strong>Medios<\/strong><\/h3>\n\n\n\n<p>Si sube im\u00e1genes al sitio web, debe evitar subir im\u00e1genes con datos de ubicaci\u00f3n incrustados (EXIF GPS). Los visitantes del sitio web pueden descargar y extraer cualquier dato de ubicaci\u00f3n de las im\u00e1genes en el sitio web.<\/p>\n\n\n\n<h3 class=\"wp-block-heading\">4. <strong>Cookies<\/strong><\/h3>\n\n\n\n<p>Si deja un comentario en nuestro sitio puede optar por guardar su nombre, direcci\u00f3n de correo electr\u00f3nico y sitio web en cookies. Estos son para su conveniencia, de modo que no tenga que volver a llenar sus datos cuando deje otro comentario. Estas cookies durar\u00e1n un a\u00f1o.<\/p>\n\n\n\n<p>Si visita nuestra p\u00e1gina de inicio de sesi\u00f3n, estableceremos una cookie temporal para determinar si su navegador acepta cookies. Esta cookie no contiene datos personales y se descartar\u00e1 al cerrar su navegador.<\/p>\n\n\n\n<p>Cuando inicie sesi\u00f3n, tambi\u00e9n configuraremos varias cookies para guardar su informaci\u00f3n de inicio de sesi\u00f3n y sus opciones de pantalla. Las cookies de inicio de sesi\u00f3n duran dos d\u00edas, y las cookies de opciones de pantalla duran un a\u00f1o. Si selecciona \u00abRecordarme\u00bb, su inicio de sesi\u00f3n persistir\u00e1 durante dos semanas. Si cierra sesi\u00f3n en su cuenta, las cookies de inicio de sesi\u00f3n se eliminar\u00e1n.<\/p>\n\n\n\n<p>Si edita o publica un art\u00edculo, se guardar\u00e1 una cookie adicional en su navegador. Esta cookie no incluye datos personales y simplemente indica el ID de publicaci\u00f3n del art\u00edculo que acaba de editar. Expira despu\u00e9s de 1 d\u00eda.<\/p>\n\n\n\n<h3 class=\"wp-block-heading\">5. <strong>Contenido incrustado de otros sitios web<\/strong><\/h3>\n\n\n\n<p>Los art\u00edculos en este sitio pueden incluir contenido incrustado (por ejemplo, videos, im\u00e1genes, art\u00edculos, etc.). El contenido incrustado de otros sitios web se comporta de la misma manera que si el visitante hubiera visitado el otro sitio web.<\/p>\n\n\n\n<p>Estos sitios web pueden recopilar datos sobre usted, usar cookies, incrustar rastreo adicional de terceros, y supervisar su interacci\u00f3n con ese contenido incrustado, incluyendo el rastreo de su interacci\u00f3n con el contenido incrustado si tiene una cuenta y est\u00e1 conectado a ese sitio web.<\/p>\n\n\n\n<h3 class=\"wp-block-heading\">6. <strong>Con qui\u00e9n compartimos sus datos<\/strong><\/h3>\n\n\n\n<p>Si solicita un restablecimiento de contrase\u00f1a, su direcci\u00f3n IP se incluir\u00e1 en el correo electr\u00f3nico de restablecimiento.<\/p>\n\n\n\n<h3 class=\"wp-block-heading\">7. <strong>Cu\u00e1nto tiempo conservamos sus datos<\/strong><\/h3>\n\n\n\n<p>Si deja un comentario, el comentario y sus metadatos se conservan indefinidamente. Esto es para que podamos reconocer y aprobar cualquier comentario de seguimiento autom\u00e1ticamente en lugar de mantenerlo en una cola de moderaci\u00f3n.<\/p>\n\n\n\n<p>Para los usuarios que se registran en nuestro sitio web (si los hay), tambi\u00e9n almacenamos la informaci\u00f3n personal que proporcionan en su perfil de usuario. Todos los usuarios pueden ver, editar o eliminar su informaci\u00f3n personal en cualquier momento (excepto que no pueden cambiar su nombre de usuario). Los administradores del sitio web tambi\u00e9n pueden ver y editar esa informaci\u00f3n.<\/p>\n\n\n\n<h3 class=\"wp-block-heading\">8. <strong>Qu\u00e9 derechos tiene sobre sus datos<\/strong><\/h3>\n\n\n\n<p>Si tiene una cuenta en este sitio, o ha dejado comentarios, puede solicitar recibir un archivo exportado de los datos personales que tenemos sobre usted, incluyendo cualquier dato que nos haya proporcionado. Tambi\u00e9n puede solicitar que borremos cualquier dato personal que tengamos sobre usted. Esto no incluye ning\u00fan dato que estemos obligados a conservar con fines administrativos, legales o de seguridad.<\/p>\n\n\n\n<h3 class=\"wp-block-heading\">9. <strong>D\u00f3nde se env\u00edan sus datos<\/strong><\/h3>\n\n\n\n<p>Los comentarios de los visitantes pueden ser revisados a trav\u00e9s de un servicio automatizado de detecci\u00f3n de spam.<\/p>\n\n\n\n<h3 class=\"wp-block-heading\">10. <strong>Seguridad de los Datos<\/strong><\/h3>\n\n\n\n<p>Implementamos medidas de seguridad t\u00e9cnicas, administrativas y f\u00edsicas razonables para proteger sus datos personales contra acceso no autorizado, p\u00e9rdida, destrucci\u00f3n o alteraci\u00f3n.<\/p>\n\n\n\n<h3 class=\"wp-block-heading\">11. <strong>Derechos ARCO<\/strong><\/h3>\n\n\n\n<p>Usted tiene el derecho de Acceso, Rectificaci\u00f3n, Cancelaci\u00f3n y Oposici\u00f3n (ARCO) respecto a sus datos personales. Para ejercer estos derechos, puede contactar a nuestro Responsable de Protecci\u00f3n de Datos, S. L\u00f3pez, en <a>icholollan@icloud.com<\/a> o visitar nuestras oficinas en la direcci\u00f3n indicada.<\/p>\n\n\n\n<h3 class=\"wp-block-heading\">12. <strong>Modificaciones a la Pol\u00edtica de Privacidad<\/strong><\/h3>\n\n\n\n<p>Nos reservamos el derecho de modificar esta Pol\u00edtica de Privacidad en cualquier momento. Cualquier cambio ser\u00e1 publicado en esta p\u00e1gina y, de ser necesario, le notificaremos a trav\u00e9s de otros medios.<\/p>\n\n\n\n<h3 class=\"wp-block-heading\">13. <strong>Contacto<\/strong><\/h3>\n\n\n\n<p>Si tiene preguntas o inquietudes sobre esta Pol\u00edtica de Privacidad, puede contactarnos en:<\/p>\n\n\n\n<p><strong>Bachillerato General Instituto Cholollan<\/strong><br>12 Oriente 207<br>San Pedro Cholula, Puebla, CP 72760, M\u00e9xico<br>Tel: 2221529059<br>Correo Electr\u00f3nico: <a>icholollan@icloud.com<\/a><\/p>\n\n\n\n<p><\/p>\n","protected":false},"excerpt":{"rendered":"<p>Pol\u00edtica de Privacidad \u00daltima actualizaci\u00f3n: 26 de julio de 2024 El Bachillerato General Instituto Cholollan (en adelante, \u00abInstituto Cholollan\u00bb), con domicilio en 12 Oriente 207, San Pedro Cholula, Puebla, CP 72760, M\u00e9xico, se compromete a proteger la privacidad y la seguridad de los datos personales de nuestros estudiantes, padres, tutores y visitantes del sitio web. [&hellip;]<\/p>\n","protected":false},"author":1,"featured_media":0,"parent":0,"menu_order":0,"comment_status":"closed","ping_status":"open","template":"","meta":{"footnotes":""},"class_list":["post-3","page","type-page","status-publish","hentry"],"yoast_head":"<!-- This site is optimized with the Yoast SEO plugin v27.5 - https:\/\/yoast.com\/product\/yoast-seo-wordpress\/ -->\n<title>Privacy Policy - Instituto Cholollan<\/title>\n<meta name=\"robots\" content=\"index, follow, max-snippet:-1, max-image-preview:large, max-video-preview:-1\" \/>\n<link rel=\"canonical\" href=\"https:\/\/institutocholollan.com\/index.php\/privacy-policy\/\" \/>\n<meta property=\"og:locale\" content=\"es_ES\" \/>\n<meta property=\"og:type\" content=\"article\" \/>\n<meta property=\"og:title\" content=\"Privacy Policy - Instituto Cholollan\" \/>\n<meta property=\"og:description\" content=\"Pol\u00edtica de Privacidad \u00daltima actualizaci\u00f3n: 26 de julio de 2024 El Bachillerato General Instituto Cholollan (en adelante, \u00abInstituto Cholollan\u00bb), con domicilio en 12 Oriente 207, San Pedro Cholula, Puebla, CP 72760, M\u00e9xico, se compromete a proteger la privacidad y la seguridad de los datos personales de nuestros estudiantes, padres, tutores y visitantes del sitio web. [&hellip;]\" \/>\n<meta property=\"og:url\" content=\"https:\/\/institutocholollan.com\/index.php\/privacy-policy\/\" \/>\n<meta property=\"og:site_name\" content=\"Instituto Cholollan\" \/>\n<meta property=\"article:publisher\" content=\"https:\/\/www.facebook.com\/ichsanpedrocholula\" \/>\n<meta property=\"article:modified_time\" content=\"2024-07-26T16:47:00+00:00\" \/>\n<meta property=\"og:image\" content=\"https:\/\/institutocholollan.com\/wp-content\/uploads\/2024\/07\/cropped-cholollan-1.jpg\" \/>\n\t<meta property=\"og:image:width\" content=\"512\" \/>\n\t<meta property=\"og:image:height\" content=\"512\" \/>\n\t<meta property=\"og:image:type\" content=\"image\/jpeg\" \/>\n<meta name=\"twitter:card\" content=\"summary_large_image\" \/>\n<meta name=\"twitter:site\" content=\"@ich_icholollan\" \/>\n<meta name=\"twitter:label1\" content=\"Tiempo de lectura\" \/>\n\t<meta name=\"twitter:data1\" content=\"5 minutos\" \/>\n<script type=\"application\/ld+json\" class=\"yoast-schema-graph\">{\"@context\":\"https:\\\/\\\/schema.org\",\"@graph\":[{\"@type\":\"WebPage\",\"@id\":\"https:\\\/\\\/institutocholollan.com\\\/index.php\\\/privacy-policy\\\/\",\"url\":\"https:\\\/\\\/institutocholollan.com\\\/index.php\\\/privacy-policy\\\/\",\"name\":\"Privacy Policy - Instituto Cholollan\",\"isPartOf\":{\"@id\":\"https:\\\/\\\/institutocholollan.com\\\/#website\"},\"datePublished\":\"2024-07-25T16:41:49+00:00\",\"dateModified\":\"2024-07-26T16:47:00+00:00\",\"breadcrumb\":{\"@id\":\"https:\\\/\\\/institutocholollan.com\\\/index.php\\\/privacy-policy\\\/#breadcrumb\"},\"inLanguage\":\"es\",\"potentialAction\":[{\"@type\":\"ReadAction\",\"target\":[\"https:\\\/\\\/institutocholollan.com\\\/index.php\\\/privacy-policy\\\/\"]}]},{\"@type\":\"BreadcrumbList\",\"@id\":\"https:\\\/\\\/institutocholollan.com\\\/index.php\\\/privacy-policy\\\/#breadcrumb\",\"itemListElement\":[{\"@type\":\"ListItem\",\"position\":1,\"name\":\"Portada\",\"item\":\"https:\\\/\\\/institutocholollan.com\\\/\"},{\"@type\":\"ListItem\",\"position\":2,\"name\":\"Privacy Policy\"}]},{\"@type\":\"WebSite\",\"@id\":\"https:\\\/\\\/institutocholollan.com\\\/#website\",\"url\":\"https:\\\/\\\/institutocholollan.com\\\/\",\"name\":\"Instituto Cholollan\",\"description\":\"Bachillerato General en San Pedro Cholula, prepa SEP\",\"publisher\":{\"@id\":\"https:\\\/\\\/institutocholollan.com\\\/#organization\"},\"alternateName\":\"Instituto Cholollan prepa SEP\",\"potentialAction\":[{\"@type\":\"SearchAction\",\"target\":{\"@type\":\"EntryPoint\",\"urlTemplate\":\"https:\\\/\\\/institutocholollan.com\\\/?s={search_term_string}\"},\"query-input\":{\"@type\":\"PropertyValueSpecification\",\"valueRequired\":true,\"valueName\":\"search_term_string\"}}],\"inLanguage\":\"es\"},{\"@type\":\"Organization\",\"@id\":\"https:\\\/\\\/institutocholollan.com\\\/#organization\",\"name\":\"Instituto Cholollan\",\"url\":\"https:\\\/\\\/institutocholollan.com\\\/\",\"logo\":{\"@type\":\"ImageObject\",\"inLanguage\":\"es\",\"@id\":\"https:\\\/\\\/institutocholollan.com\\\/#\\\/schema\\\/logo\\\/image\\\/\",\"url\":\"https:\\\/\\\/institutocholollan.com\\\/wp-content\\\/uploads\\\/2024\\\/07\\\/cropped-cholollan-1.jpg\",\"contentUrl\":\"https:\\\/\\\/institutocholollan.com\\\/wp-content\\\/uploads\\\/2024\\\/07\\\/cropped-cholollan-1.jpg\",\"width\":512,\"height\":512,\"caption\":\"Instituto Cholollan\"},\"image\":{\"@id\":\"https:\\\/\\\/institutocholollan.com\\\/#\\\/schema\\\/logo\\\/image\\\/\"},\"sameAs\":[\"https:\\\/\\\/www.facebook.com\\\/ichsanpedrocholula\",\"https:\\\/\\\/x.com\\\/ich_icholollan\"]}]}<\/script>\n<!-- \/ Yoast SEO plugin. -->","yoast_head_json":{"title":"Privacy Policy - Instituto Cholollan","robots":{"index":"index","follow":"follow","max-snippet":"max-snippet:-1","max-image-preview":"max-image-preview:large","max-video-preview":"max-video-preview:-1"},"canonical":"https:\/\/institutocholollan.com\/index.php\/privacy-policy\/","og_locale":"es_ES","og_type":"article","og_title":"Privacy Policy - Instituto Cholollan","og_description":"Pol\u00edtica de Privacidad \u00daltima actualizaci\u00f3n: 26 de julio de 2024 El Bachillerato General Instituto Cholollan (en adelante, \u00abInstituto Cholollan\u00bb), con domicilio en 12 Oriente 207, San Pedro Cholula, Puebla, CP 72760, M\u00e9xico, se compromete a proteger la privacidad y la seguridad de los datos personales de nuestros estudiantes, padres, tutores y visitantes del sitio web. [&hellip;]","og_url":"https:\/\/institutocholollan.com\/index.php\/privacy-policy\/","og_site_name":"Instituto Cholollan","article_publisher":"https:\/\/www.facebook.com\/ichsanpedrocholula","article_modified_time":"2024-07-26T16:47:00+00:00","og_image":[{"width":512,"height":512,"url":"https:\/\/institutocholollan.com\/wp-content\/uploads\/2024\/07\/cropped-cholollan-1.jpg","type":"image\/jpeg"}],"twitter_card":"summary_large_image","twitter_site":"@ich_icholollan","twitter_misc":{"Tiempo de lectura":"5 minutos"},"schema":{"@context":"https:\/\/schema.org","@graph":[{"@type":"WebPage","@id":"https:\/\/institutocholollan.com\/index.php\/privacy-policy\/","url":"https:\/\/institutocholollan.com\/index.php\/privacy-policy\/","name":"Privacy Policy - Instituto Cholollan","isPartOf":{"@id":"https:\/\/institutocholollan.com\/#website"},"datePublished":"2024-07-25T16:41:49+00:00","dateModified":"2024-07-26T16:47:00+00:00","breadcrumb":{"@id":"https:\/\/institutocholollan.com\/index.php\/privacy-policy\/#breadcrumb"},"inLanguage":"es","potentialAction":[{"@type":"ReadAction","target":["https:\/\/institutocholollan.com\/index.php\/privacy-policy\/"]}]},{"@type":"BreadcrumbList","@id":"https:\/\/institutocholollan.com\/index.php\/privacy-policy\/#breadcrumb","itemListElement":[{"@type":"ListItem","position":1,"name":"Portada","item":"https:\/\/institutocholollan.com\/"},{"@type":"ListItem","position":2,"name":"Privacy Policy"}]},{"@type":"WebSite","@id":"https:\/\/institutocholollan.com\/#website","url":"https:\/\/institutocholollan.com\/","name":"Instituto Cholollan","description":"Bachillerato General en San Pedro Cholula, prepa SEP","publisher":{"@id":"https:\/\/institutocholollan.com\/#organization"},"alternateName":"Instituto Cholollan prepa SEP","potentialAction":[{"@type":"SearchAction","target":{"@type":"EntryPoint","urlTemplate":"https:\/\/institutocholollan.com\/?s={search_term_string}"},"query-input":{"@type":"PropertyValueSpecification","valueRequired":true,"valueName":"search_term_string"}}],"inLanguage":"es"},{"@type":"Organization","@id":"https:\/\/institutocholollan.com\/#organization","name":"Instituto Cholollan","url":"https:\/\/institutocholollan.com\/","logo":{"@type":"ImageObject","inLanguage":"es","@id":"https:\/\/institutocholollan.com\/#\/schema\/logo\/image\/","url":"https:\/\/institutocholollan.com\/wp-content\/uploads\/2024\/07\/cropped-cholollan-1.jpg","contentUrl":"https:\/\/institutocholollan.com\/wp-content\/uploads\/2024\/07\/cropped-cholollan-1.jpg","width":512,"height":512,"caption":"Instituto Cholollan"},"image":{"@id":"https:\/\/institutocholollan.com\/#\/schema\/logo\/image\/"},"sameAs":["https:\/\/www.facebook.com\/ichsanpedrocholula","https:\/\/x.com\/ich_icholollan"]}]}},"_links":{"self":[{"href":"https:\/\/institutocholollan.com\/index.php\/wp-json\/wp\/v2\/pages\/3","targetHints":{"allow":["GET"]}}],"collection":[{"href":"https:\/\/institutocholollan.com\/index.php\/wp-json\/wp\/v2\/pages"}],"about":[{"href":"https:\/\/institutocholollan.com\/index.php\/wp-json\/wp\/v2\/types\/page"}],"author":[{"embeddable":true,"href":"https:\/\/institutocholollan.com\/index.php\/wp-json\/wp\/v2\/users\/1"}],"replies":[{"embeddable":true,"href":"https:\/\/institutocholollan.com\/index.php\/wp-json\/wp\/v2\/comments?post=3"}],"version-history":[{"count":1,"href":"https:\/\/institutocholollan.com\/index.php\/wp-json\/wp\/v2\/pages\/3\/revisions"}],"predecessor-version":[{"id":8,"href":"https:\/\/institutocholollan.com\/index.php\/wp-json\/wp\/v2\/pages\/3\/revisions\/8"}],"wp:attachment":[{"href":"https:\/\/institutocholollan.com\/index.php\/wp-json\/wp\/v2\/media?parent=3"}],"curies":[{"name":"wp","href":"https:\/\/api.w.org\/{rel}","templated":true}]}}